{"id":464,"date":"2025-07-04T11:41:17","date_gmt":"2025-07-04T11:41:17","guid":{"rendered":"https:\/\/www.privcamp.com\/?page_id=464"},"modified":"2025-07-08T11:49:48","modified_gmt":"2025-07-08T11:49:48","slug":"polityka-prywatnosci","status":"publish","type":"page","link":"https:\/\/www.privcamp.com\/es\/polityka-prywatnosci\/","title":{"rendered":"Pol\u00edtica de privacidad"},"content":{"rendered":"<h2 class=\"wp-block-heading\"><\/h2>\n\n\n\n\n\n<div id=\"terms-content\">\n \n  <div class=\"lang-block\" data-lang=\"en\">\n    <h2>Pol\u00edtica de privacidad<\/h2>\n\n<p>Garantizamos el pleno respeto de la privacidad y la protecci\u00f3n de los datos personales de nuestros clientes. Los datos personales que nos facilitan los Clientes durante el registro o la compra se procesan de conformidad con la Ley de Protecci\u00f3n de Datos Personales y los actos jur\u00eddicos aplicables, incluido el GDPR. Los datos personales de los Clientes se almacenan de forma que se garantice su total seguridad, y solo los empleados autorizados de la Tienda tienen acceso a la base de datos.<\/p>\n\n<h2>Controlador de datos<\/h2>\n\n<p>El responsable del tratamiento de datos, en el sentido de la Ley de 29 de agosto de 1997 (Diario de Leyes 1997, n\u00ba 133, punto 883, en su versi\u00f3n modificada), es BOMAF sp. z o.o.<\/p>\n<p>ul. Lipowska 190A<br>\n34-324 Lipowa<br>\nPIN: 5532552501<\/p>\n<p>Datos de contacto del responsable del tratamiento:<br>\nCorreo electr\u00f3nico: biuro.bomaf@gmail.com<br>\ntel\u00e9fono: +48 733 991 996<\/p>\n\n<h2>Finalidad de la recogida y el tratamiento de datos<\/h2>\n\n<p>Los datos se recopilan y procesan para crear cuentas individuales en la tienda biuro.bomaf@gmail.com y para concluir y llevar a cabo (incluida la entrega en la direcci\u00f3n del Cliente) un acuerdo de compraventa, as\u00ed como para posibles procedimientos de reclamaci\u00f3n (Art. 6(1)(b) del GDPR).<\/p>\n\n<p>La Tienda podr\u00e1 utilizar los datos personales con fines de marketing, es decir, para enviar informaci\u00f3n sobre la oferta de la Tienda y promociones de compra a trav\u00e9s de correo electr\u00f3nico\/bolet\u00edn SMS:<\/p>\n\n<ul>\n  <li>s\u00f3lo si el Cliente da su consentimiento suscribi\u00e9ndose al Bolet\u00edn (base jur\u00eddica: Art. 6(1)(f) del GDPR);<\/li>\n  <li>Es posible retirar el consentimiento poni\u00e9ndose en contacto con la Tienda en: biuro.bomaf@gmail.com (asunto del correo electr\u00f3nico: \"Cancelar suscripci\u00f3n al bolet\u00edn\").<\/li>\n<\/ul>\n\n<p>Se declara la suscripci\u00f3n al bolet\u00edn de noticias:<\/p>\n<ul>\n  <li>durante el registro de la cuenta en la Tienda marcando la casilla \"Deseo recibir el Bolet\u00edn y el Bolet\u00edn SMS\",<\/li>\n  <li>introduciendo la direcci\u00f3n de correo electr\u00f3nico en la casilla correspondiente del sitio web de la Tienda.<\/li>\n<\/ul>\n\n<p>El consentimiento para recibir el Bolet\u00edn y la aceptaci\u00f3n de las Condiciones y la Pol\u00edtica de Privacidad se da en el momento de suscribirse a este servicio electr\u00f3nico.<\/p>\n\n<p>La Tienda puede utilizar los datos personales recogidos para crear grupos de clientes y asignar cuentas a estos grupos en funci\u00f3n del estado del cliente o del historial de compras.<\/p>\n\n<p>Los datos tambi\u00e9n pueden tratarse para supervisar, informar y mejorar los servicios y operaciones de la Tienda (base jur\u00eddica: Art. 6(1)(f) del GDPR).<\/p>\n\n<p>En otros casos, los datos personales s\u00f3lo se tratar\u00e1n con el consentimiento previo dentro de un \u00e1mbito y una finalidad determinados.<\/p>\n\n<h2>Obligaci\u00f3n de facilitar datos personales<\/h2>\n\n<p>El hecho de no facilitar todos los datos requeridos puede impedir la celebraci\u00f3n del contrato de compraventa o el registro de la cuenta.<\/p>\n<p>El suministro de datos personales es voluntario cuando se recopilan sobre la base del consentimiento.<\/p>\n\n<h2>Informaci\u00f3n sobre los destinatarios de los datos personales de los clientes<\/h2>\n\n<p>En relaci\u00f3n con el tratamiento de datos personales para celebrar y ejecutar (entregar en la direcci\u00f3n del Cliente) un contrato de compraventa, los datos personales de los Clientes podr\u00e1n ser compartidos con los siguientes destinatarios o categor\u00edas de destinatarios:<\/p>\n<ul>\n  <li>entidades implicadas en los procesos necesarios para completar y entregar los pedidos realizados en la tienda en l\u00ednea,<\/li>\n  <li>autoridades p\u00fablicas y entidades que desempe\u00f1en funciones p\u00fablicas o act\u00faen en nombre de las autoridades p\u00fablicas, en la medida y para los fines que se deriven de las disposiciones legales.<\/li>\n<\/ul>\n\n<h2>Per\u00edodo de conservaci\u00f3n de los datos<\/h2>\n\n<p>Los datos personales de los clientes son procesados por la Tienda durante el tiempo necesario para proporcionar servicios electr\u00f3nicos relacionados con el mantenimiento de la cuenta del usuario y el cumplimiento de los pedidos.<\/p>\n<p>Transcurrido dicho plazo, los datos podr\u00e1n seguir trat\u00e1ndose por imperativo legal o por inter\u00e9s leg\u00edtimo del responsable del tratamiento.<\/p>\n<p>A efectos de marketing, los datos podr\u00e1n tratarse hasta que se retire el consentimiento.<\/p>\n\n<h2>Perfiles de datos<\/h2>\n\n<p>Los datos personales pueden utilizarse para preparar y enviar ofertas o mensajes personalizados.<\/p>\n<p>El tratamiento de los datos personales se basa en la elaboraci\u00f3n de perfiles a partir de la actividad del Cliente, su pertenencia a un grupo o su historial de compras.<\/p>\n\n<h2>Derechos de los clientes en materia de datos personales<\/h2>\n\n<p>Todo Cliente que haya facilitado sus datos personales tiene derecho a:<\/p>\n\n<ul>\n  <li>pleno acceso a sus datos para su verificaci\u00f3n (incluido el derecho a obtener una copia),<\/li>\n  <li>modificar los datos personales si est\u00e1n incompletos, son incorrectos o no est\u00e1n actualizados,<\/li>\n  <li>solicitar la supresi\u00f3n de datos cuando: a. los datos ya no sean necesarios, b. la persona se oponga al tratamiento, c. la persona retire su consentimiento y no exista otra base jur\u00eddica, d. los datos se traten ilegalmente, e. los datos deban suprimirse para cumplir obligaciones legales,<\/li>\n  <li>solicitar la limitaci\u00f3n del tratamiento cuando: a. se impugne la exactitud de los datos, b. el tratamiento sea il\u00edcito y la persona se oponga a su supresi\u00f3n, c. los datos ya no sean necesarios para el responsable del tratamiento pero sean necesarios para el establecimiento o la defensa de reclamaciones, d. se haya presentado una oposici\u00f3n y se est\u00e9 evaluando un equilibrio de intereses,<\/li>\n  <li>la portabilidad de los datos, cuando: a. el tratamiento de los datos se base en un contrato o en el consentimiento, b. el tratamiento sea automatizado,<\/li>\n  <li>oponerse al tratamiento por parte del responsable del tratamiento cuando: a. la persona se encuentre en una situaci\u00f3n particular, b. los datos se traten de forma automatizada.<\/li>\n<\/ul>\n\n<p>El cliente puede modificar sus datos tras acceder a su cuenta o enviando una solicitud al personal de la tienda.<\/p>\n\n<h2>Retirada del consentimiento<\/h2>\n\n<p>El Cliente tiene derecho a retirar su consentimiento al tratamiento de sus datos personales en cualquier momento. La retirada no afecta a la legalidad del tratamiento realizado sobre la base del consentimiento antes de su retirada.<\/p>\n\n<h2>Derecho a presentar una denuncia<\/h2>\n\n<p>El Cliente tiene derecho a presentar una reclamaci\u00f3n ante la autoridad de control (Presidente de la Oficina de Protecci\u00f3n de Datos Personales) si considera que el responsable del tratamiento infringe la normativa GDPR.<\/p>\n\n<h2>Seguridad de los datos<\/h2>\n\n<p>Los datos personales de los clientes se almacenan en servidores seguros. El acceso est\u00e1 limitado a empleados seleccionados que han recibido la formaci\u00f3n adecuada en materia de protecci\u00f3n de datos.<\/p>\n\n  <\/div>\n<\/div>\n\n<script>\n  function switchLanguage() {\n    const lang = document.getElementById(\"lang-select\").value;\n    const blocks = document.querySelectorAll(\".lang-block\");\n\n    blocks.forEach(block => {\n      block.style.display = (block.getAttribute(\"data-lang\") === lang) ? \"block\" : \"none\";\n    });\n  }\n\n  \/\/ Optional: call once on load to ensure proper visibility if dropdown is pre-selected\n  document.addEventListener(\"DOMContentLoaded\", switchLanguage);\n<\/script>\n\n\n\n<p><\/p>","protected":false},"excerpt":{"rendered":"<p>Privacy Policy We ensure full respect for privacy and the protection of personal data for our Customers. Personal data provided to us by Customers during registration or purchase is processed in accordance with the Personal Data Protection Act and applicable legal acts, including the GDPR. Customers&#8217; personal data is stored in a manner that ensures [&hellip;]<\/p>","protected":false},"author":1,"featured_media":0,"parent":0,"menu_order":0,"comment_status":"closed","ping_status":"closed","template":"","meta":{"footnotes":""},"class_list":["post-464","page","type-page","status-publish","hentry"],"_links":{"self":[{"href":"https:\/\/www.privcamp.com\/es\/wp-json\/wp\/v2\/pages\/464","targetHints":{"allow":["GET"]}}],"collection":[{"href":"https:\/\/www.privcamp.com\/es\/wp-json\/wp\/v2\/pages"}],"about":[{"href":"https:\/\/www.privcamp.com\/es\/wp-json\/wp\/v2\/types\/page"}],"author":[{"embeddable":true,"href":"https:\/\/www.privcamp.com\/es\/wp-json\/wp\/v2\/users\/1"}],"replies":[{"embeddable":true,"href":"https:\/\/www.privcamp.com\/es\/wp-json\/wp\/v2\/comments?post=464"}],"version-history":[{"count":0,"href":"https:\/\/www.privcamp.com\/es\/wp-json\/wp\/v2\/pages\/464\/revisions"}],"wp:attachment":[{"href":"https:\/\/www.privcamp.com\/es\/wp-json\/wp\/v2\/media?parent=464"}],"curies":[{"name":"wp","href":"https:\/\/api.w.org\/{rel}","templated":true}]}}