{"id":1147,"date":"2025-10-10T12:56:35","date_gmt":"2025-10-10T12:56:35","guid":{"rendered":"https:\/\/www.privcamp.com\/?page_id=1147"},"modified":"2025-10-10T12:56:37","modified_gmt":"2025-10-10T12:56:37","slug":"thank-you","status":"publish","type":"page","link":"https:\/\/www.privcamp.com\/pl\/thank-you\/","title":{"rendered":"Dzi\u0119kuj\u0119"},"content":{"rendered":"<p>Dzi\u0119kujemy za rejestracj\u0119!<\/p>","protected":false},"excerpt":{"rendered":"<p>Dzi\u0119kujemy za rejestracj\u0119!<\/p>","protected":false},"author":1,"featured_media":0,"parent":0,"menu_order":0,"comment_status":"closed","ping_status":"closed","template":"","meta":{"footnotes":""},"class_list":["post-1147","page","type-page","status-publish","hentry"],"_links":{"self":[{"href":"https:\/\/www.privcamp.com\/pl\/wp-json\/wp\/v2\/pages\/1147","targetHints":{"allow":["GET"]}}],"collection":[{"href":"https:\/\/www.privcamp.com\/pl\/wp-json\/wp\/v2\/pages"}],"about":[{"href":"https:\/\/www.privcamp.com\/pl\/wp-json\/wp\/v2\/types\/page"}],"author":[{"embeddable":true,"href":"https:\/\/www.privcamp.com\/pl\/wp-json\/wp\/v2\/users\/1"}],"replies":[{"embeddable":true,"href":"https:\/\/www.privcamp.com\/pl\/wp-json\/wp\/v2\/comments?post=1147"}],"version-history":[{"count":0,"href":"https:\/\/www.privcamp.com\/pl\/wp-json\/wp\/v2\/pages\/1147\/revisions"}],"wp:attachment":[{"href":"https:\/\/www.privcamp.com\/pl\/wp-json\/wp\/v2\/media?parent=1147"}],"curies":[{"name":"wp","href":"https:\/\/api.w.org\/{rel}","templated":true}]}}