{"id":347,"date":"2025-06-29T15:51:42","date_gmt":"2025-06-29T15:51:42","guid":{"rendered":"https:\/\/www.privcamp.com\/?page_id=347"},"modified":"2025-10-10T12:16:03","modified_gmt":"2025-10-10T12:16:03","slug":"services","status":"publish","type":"page","link":"https:\/\/www.privcamp.com\/sk\/services\/","title":{"rendered":"Vyh\u013eadanie nov\u00e9ho podniku alebo slu\u017eby"},"content":{"rendered":"<div class=\"wp-block-columns is-layout-flex wp-container-core-columns-is-layout-9d6595d7 wp-block-columns-is-layout-flex\">\n<div class=\"wp-block-column is-layout-flow wp-block-column-is-layout-flow\" style=\"flex-basis:100%\">\n<div class=\"wp-block-group\"><div class=\"wp-block-group__inner-container is-layout-constrained wp-block-group-is-layout-constrained\"> <div class=\"hp-listings hp-block hp-grid\"><div class=\"hp-row\"><div class=\"hp-grid__item hp-col-sm-4 hp-col-xs-12\"><article class=\"hp-listing hp-listing--view-block\"><header class=\"hp-listing__header\"><div class=\"hp-listing__image\" data-component=\"carousel-slider\" data-preview=\"false\" data-url=\"https:\/\/www.privcamp.com\/sk\/listing\/parking-jaworzynka\/\">\n\t\t\t<a href=\"https:\/\/www.privcamp.com\/sk\/listing\/parking-jaworzynka\/\">\n\t\t\t\t\t\t\t<img decoding=\"async\" src=\"https:\/\/www.privcamp.com\/wp-content\/uploads\/2025\/08\/487147413_2470712083273805_6232239752104537003_n-400x300.jpg\" alt=\"Parkovanie Jaworzynka\" loading=\"lazy\">\n\t\t\t\t\t<\/a>\n\t<\/div>\n<\/header><div class=\"hp-listing__content\">\t<div class=\"hp-listing__categories hp-listing__category\">\n\t\t\t\t\t<a href=\"https:\/\/www.privcamp.com\/sk\/listing-category\/parking_spots\/\">Parkovacie miesta<\/a>\n\t\t\t<\/div>\n\t<h4 class=\"hp-listing__title\"><a href=\"https:\/\/www.privcamp.com\/sk\/listing\/parking-jaworzynka\/\">Parkovanie Jaworzynka<\/a>\n<\/h4><div class=\"hp-listing__details hp-listing__details--primary\">\t<div class=\"hp-listing__location\">\n\t\t<i class=\"hp-icon fas fa-map-marker-alt\"><\/i>\n\t\t\t\t\t<a href=\"https:\/\/www.google.com\/maps\/search\/?api=1&#038;query=49.53658,18.866047\" target=\"_blank\">Jaworzynka 818, Jaworzynka, Po\u013esko<\/a>\n\t\t\t<\/div>\n\t<time class=\"hp-listing__created-date hp-listing__date hp-meta\" datetime=\"2025-08-18 12:46:03\">\n\tPridan\u00e9 18. augusta 2025<\/time>\n<\/div><\/div><footer class=\"hp-listing__footer\"><div class=\"hp-block hp-listing__attributes hp-listing__attributes--primary\"><div class=\"hp-listing__attribute hp-listing__attribute--stay-type\" data-no-translation=\"\" data-no-auto-translation=\"\">Camper, Caravan<\/div><\/div><div class=\"hp-listing__actions hp-listing__actions--primary\"><a class=\"hp-listing__action hp-listing__action--favorite\" href=\"#user_login_modal\"><i class=\"hp-icon fas fa-heart\"><\/i><\/a><\/div><\/footer><\/article><\/div><div class=\"hp-grid__item hp-col-sm-4 hp-col-xs-12\"><article class=\"hp-listing hp-listing--view-block\"><header class=\"hp-listing__header\"><div class=\"hp-listing__image\" data-component=\"carousel-slider\" data-preview=\"false\" data-url=\"https:\/\/www.privcamp.com\/sk\/listing\/na-grapie\/\">\n\t\t\t<a href=\"https:\/\/www.privcamp.com\/sk\/listing\/na-grapie\/\">\n\t\t\t\t\t\t\t<img decoding=\"async\" src=\"https:\/\/www.privcamp.com\/wp-content\/uploads\/2025\/08\/30d8869b-704e-43dd-9197-2f328ab9f157-400x300.jpg\" alt=\"Na Grapie\" loading=\"lazy\">\n\t\t\t\t\t<\/a>\n\t<\/div>\n<\/header><div class=\"hp-listing__content\">\t<div class=\"hp-listing__categories hp-listing__category\">\n\t\t\t\t\t<a href=\"https:\/\/www.privcamp.com\/sk\/listing-category\/parking_spots\/\">Parkovacie miesta<\/a>\n\t\t\t<\/div>\n\t<h4 class=\"hp-listing__title\"><a href=\"https:\/\/www.privcamp.com\/sk\/listing\/na-grapie\/\">Na Grapie<\/a>\n<\/h4><div class=\"hp-listing__details hp-listing__details--primary\">\t<div class=\"hp-listing__location\">\n\t\t<i class=\"hp-icon fas fa-map-marker-alt\"><\/i>\n\t\t\t\t\t<a href=\"https:\/\/www.google.com\/maps\/search\/?api=1&#038;query=49.682166,19.230666\" target=\"_blank\">Grapa, \u017bywiec, Po\u013esko<\/a>\n\t\t\t<\/div>\n\t<time class=\"hp-listing__created-date hp-listing__date hp-meta\" datetime=\"2025-08-18 11:48:38\">\n\tPridan\u00e9 18. augusta 2025<\/time>\n<\/div><\/div><footer class=\"hp-listing__footer\"><div class=\"hp-block hp-listing__attributes hp-listing__attributes--primary\"><div class=\"hp-listing__attribute hp-listing__attribute--stay-type\" data-no-translation=\"\" data-no-auto-translation=\"\">Camper, Caravan, Tent<\/div><\/div><div class=\"hp-listing__actions hp-listing__actions--primary\"><a class=\"hp-listing__action hp-listing__action--favorite\" href=\"#user_login_modal\"><i class=\"hp-icon fas fa-heart\"><\/i><\/a><\/div><\/footer><\/article><\/div><div class=\"hp-grid__item hp-col-sm-4 hp-col-xs-12\"><article class=\"hp-listing hp-listing--view-block\"><header class=\"hp-listing__header\"><div class=\"hp-listing__image\" data-component=\"carousel-slider\" data-preview=\"false\" data-url=\"https:\/\/www.privcamp.com\/sk\/listing\/beskidzki-zakatek\/\">\n\t\t\t<a href=\"https:\/\/www.privcamp.com\/sk\/listing\/beskidzki-zakatek\/\">\n\t\t\t\t\t\t\t<img decoding=\"async\" src=\"https:\/\/www.privcamp.com\/wp-content\/uploads\/2025\/08\/Lucid_Realism_Horizontal_banner_169_in_the_style_of_a_Facebook_0-400x300.jpg\" alt=\"Beskidzki Zak\u0105tek\" loading=\"lazy\">\n\t\t\t\t\t<\/a>\n\t<\/div>\n<\/header><div class=\"hp-listing__content\">\t<div class=\"hp-listing__categories hp-listing__category\">\n\t\t\t\t\t<a href=\"https:\/\/www.privcamp.com\/sk\/listing-category\/parking_spots\/\">Parkovacie miesta<\/a>\n\t\t\t<\/div>\n\t<h4 class=\"hp-listing__title\"><a href=\"https:\/\/www.privcamp.com\/sk\/listing\/beskidzki-zakatek\/\">Beskidzki Zak\u0105tek<\/a>\n<\/h4><div class=\"hp-listing__details hp-listing__details--primary\">\t<div class=\"hp-listing__location\">\n\t\t<i class=\"hp-icon fas fa-map-marker-alt\"><\/i>\n\t\t\t\t\t<a href=\"https:\/\/www.google.com\/maps\/search\/?api=1&#038;query=49.928475,19.284246\" target=\"_blank\">Zielona 87, Osiek, Po\u013esko<\/a>\n\t\t\t<\/div>\n\t<time class=\"hp-listing__created-date hp-listing__date hp-meta\" datetime=\"2025-08-13 07:58:30\">\n\tPridan\u00e9 13. augusta 2025<\/time>\n<\/div><\/div><footer class=\"hp-listing__footer\"><div class=\"hp-block hp-listing__attributes hp-listing__attributes--primary\"><div class=\"hp-listing__attribute hp-listing__attribute--stay-type\" data-no-translation=\"\" data-no-auto-translation=\"\">Camper, Caravan, Tent<\/div><\/div><div class=\"hp-listing__actions hp-listing__actions--primary\"><a class=\"hp-listing__action hp-listing__action--favorite\" href=\"#user_login_modal\"><i class=\"hp-icon fas fa-heart\"><\/i><\/a><\/div><\/footer><\/article><\/div><\/div><\/div><\/div><\/div>\n<\/div>\n<\/div>\n\n\n\n<div class=\"wp-block-buttons is-content-justification-center is-layout-flex wp-container-core-buttons-is-layout-16018d1d wp-block-buttons-is-layout-flex\">\n<div class=\"wp-block-button find-more-button\"><a class=\"wp-block-button__link has-text-align-center wp-element-button\" href=\"https:\/\/www.privcamp.com\/sk\/listings\/\">Viac inform\u00e1ci\u00ed<\/a><\/div>\n<\/div>\n\n\n\n<form action=\"\/sk\/submit-service\/\" class=\"form-for-service-add\" method=\"get\" onsubmit=\"document.cookie = 'fromAddService=1; max-age=10; path=\/'\" data-trp-original-action=\"\/submit-service\">\n    <button class=\"add-service-button\" type=\"submit\">Prida\u0165 slu\u017ebu<\/button>\n<input type=\"hidden\" name=\"trp-form-language\" value=\"sk\"\/><\/form>\n\n\n\n<p><\/p>","protected":false},"excerpt":{"rendered":"<p>Prida\u0165 slu\u017ebu<\/p>","protected":false},"author":1,"featured_media":0,"parent":0,"menu_order":0,"comment_status":"closed","ping_status":"closed","template":"","meta":{"footnotes":""},"class_list":["post-347","page","type-page","status-publish","hentry"],"_links":{"self":[{"href":"https:\/\/www.privcamp.com\/sk\/wp-json\/wp\/v2\/pages\/347","targetHints":{"allow":["GET"]}}],"collection":[{"href":"https:\/\/www.privcamp.com\/sk\/wp-json\/wp\/v2\/pages"}],"about":[{"href":"https:\/\/www.privcamp.com\/sk\/wp-json\/wp\/v2\/types\/page"}],"author":[{"embeddable":true,"href":"https:\/\/www.privcamp.com\/sk\/wp-json\/wp\/v2\/users\/1"}],"replies":[{"embeddable":true,"href":"https:\/\/www.privcamp.com\/sk\/wp-json\/wp\/v2\/comments?post=347"}],"version-history":[{"count":0,"href":"https:\/\/www.privcamp.com\/sk\/wp-json\/wp\/v2\/pages\/347\/revisions"}],"wp:attachment":[{"href":"https:\/\/www.privcamp.com\/sk\/wp-json\/wp\/v2\/media?parent=347"}],"curies":[{"name":"wp","href":"https:\/\/api.w.org\/{rel}","templated":true}]}}