{"id":172,"date":"2021-10-19T17:03:52","date_gmt":"2021-10-19T17:03:52","guid":{"rendered":"https:\/\/listinghive.hivepress.io\/?page_id=8"},"modified":"2025-07-29T14:18:57","modified_gmt":"2025-07-29T14:18:57","slug":"home","status":"publish","type":"page","link":"https:\/\/www.privcamp.com\/uk\/","title":{"rendered":"\u0413\u043e\u043b\u043e\u0432\u043d\u0430 \u0441\u0442\u043e\u0440\u0456\u043d\u043a\u0430"},"content":{"rendered":"<h1 class=\"wp-block-heading has-text-align-center\"><\/h1>\n\n\n\n<!--more-->\n<!--noteaser-->\n\n\n <form class=\"hp-form--wide hp-form--primary hp-block hp-form hp-form--listing-search\" action=\"https:\/\/www.privcamp.com\/uk\/\" method=\"GET\" data-component=\"form\" data-trp-original-action=\"https:\/\/www.privcamp.com\/uk\"><div class=\"hp-form__messages\" data-component=\"messages\"><\/div><div class=\"hp-form__fields\"><input type=\"hidden\" name=\"post_type\" value=\"hp_listing\" class=\"hp-field hp-field--hidden\"><input type=\"hidden\" name=\"latitude\" value=\"\" data-coordinate=\"lat\" class=\"hp-field hp-field--hidden\"><input type=\"hidden\" name=\"longitude\" value=\"\" data-coordinate=\"lng\" class=\"hp-field hp-field--hidden\"><select name=\"_category\" class=\"hp-field hp-field--hidden\"><option value=\"\">All categories<\/option><option value=\"38\">\u041c\u0456\u0441\u0446\u044f \u0434\u043b\u044f \u043f\u0430\u0440\u043a\u0443\u0432\u0430\u043d\u043d\u044f<\/option><option value=\"92\">\u041f\u043e\u0441\u043b\u0443\u0433\u0438<\/option><\/select><div class=\"hp-form__field hp-form__field--search\"><input type=\"search\" name=\"s\" value=\"\" placeholder=\"\u041a\u043b\u044e\u0447\u043e\u0432\u0456 \u0441\u043b\u043e\u0432\u0430\" maxlength=\"256\" class=\"hp-field hp-field--search\"><\/div><div class=\"hp-form__field hp-form__field--location\"><div data-format=\"\" data-countries=\"[]\" data-component=\"location\" class=\"hp-field hp-field--location\"><input type=\"text\" name=\"location\" value=\"\" autocomplete=\"off\" placeholder=\"\u041c\u0456\u0441\u0446\u0435\u0437\u043d\u0430\u0445\u043e\u0434\u0436\u0435\u043d\u043d\u044f\" maxlength=\"256\" class=\"hp-field hp-field--text\"><a href=\"#\" title=\"\u0412\u0438\u0437\u043d\u0430\u0447\u0438\u0442\u0438 \u043c\u043e\u0454 \u043c\u0456\u0441\u0446\u0435\u0437\u043d\u0430\u0445\u043e\u0434\u0436\u0435\u043d\u043d\u044f\"><i class=\"hp-icon fas fa-location-arrow\"><\/i><\/a><\/div><\/div><div class=\"hp-form__field hp-form__field--number\"><label class=\"hp-field__label hp-form__label\"><span>\u0420\u0430\u0434\u0456\u0443\u0441 (\u043a\u043c)<\/span> <small>(\u043e\u043f\u0446\u0456\u043e\u043d\u0430\u043b\u044c\u043d\u043e)<\/small><\/label><input type=\"number\" name=\"_radius\" value=\"\" placeholder=\"\u0420\u0430\u0434\u0456\u0443\u0441 (\u043a\u043c)\" step=\"1\" data-component=\"number\" class=\"hp-field hp-field--number\"><\/div><\/div><div class=\"hp-form__footer\"><button type=\"submit\" class=\"hp-form__button button-primary alt button hp-field hp-field--submit\"><span>\u0428\u0443\u043a\u0430\u0442\u0438<\/span><\/button><\/div><input type=\"hidden\" name=\"trp-form-language\" value=\"uk\"\/><\/form>\n\n\n<div style=\"height:1px\" aria-hidden=\"true\" class=\"wp-block-spacer\"><\/div>\n\n\n\n<h2 class=\"wp-block-heading has-text-align-center content-title\">\u041c\u0456\u0441\u0446\u044f \u0434\u043b\u044f \u043f\u0430\u0440\u043a\u0443\u0432\u0430\u043d\u043d\u044f<\/h2>\n\n\n <div class=\"hp-listings hp-block hp-grid\"><div class=\"hp-row\"><div class=\"hp-grid__item hp-col-sm-4 hp-col-xs-12\"><article class=\"hp-listing hp-listing--view-block\"><header class=\"hp-listing__header\"><div class=\"hp-listing__image\" data-component=\"carousel-slider\" data-preview=\"false\" data-url=\"https:\/\/www.privcamp.com\/uk\/listing\/parking-jaworzynka\/\">\n\t\t\t<a href=\"https:\/\/www.privcamp.com\/uk\/listing\/parking-jaworzynka\/\">\n\t\t\t\t\t\t\t<img decoding=\"async\" src=\"https:\/\/www.privcamp.com\/wp-content\/uploads\/2025\/08\/487147413_2470712083273805_6232239752104537003_n-400x300.jpg\" alt=\"\u041f\u0430\u0440\u043a\u043e\u0432\u043a\u0430 Jaworzynka\" loading=\"lazy\">\n\t\t\t\t\t<\/a>\n\t<\/div>\n<\/header><div class=\"hp-listing__content\">\t<div class=\"hp-listing__categories hp-listing__category\">\n\t\t\t\t\t<a href=\"https:\/\/www.privcamp.com\/uk\/listing-category\/parking_spots\/\">\u041c\u0456\u0441\u0446\u044f \u0434\u043b\u044f \u043f\u0430\u0440\u043a\u0443\u0432\u0430\u043d\u043d\u044f<\/a>\n\t\t\t<\/div>\n\t<h4 class=\"hp-listing__title\"><a href=\"https:\/\/www.privcamp.com\/uk\/listing\/parking-jaworzynka\/\">\u041f\u0430\u0440\u043a\u043e\u0432\u043a\u0430 Jaworzynka<\/a>\n<\/h4><div class=\"hp-listing__details hp-listing__details--primary\">\t<div class=\"hp-listing__location\">\n\t\t<i class=\"hp-icon fas fa-map-marker-alt\"><\/i>\n\t\t\t\t\t<a href=\"https:\/\/www.google.com\/maps\/search\/?api=1&#038;query=49.53658,18.866047\" target=\"_blank\">Jaworzynka 818, Jaworzynka, \u041f\u043e\u043b\u044c\u0449\u0430<\/a>\n\t\t\t<\/div>\n\t<time class=\"hp-listing__created-date hp-listing__date hp-meta\" datetime=\"2025-08-18 12:46:03\">\n\t\u0414\u043e\u0434\u0430\u043d\u043e \u0421\u0435\u0440\u043f\u0435\u043d\u044c 18, 2025<\/time>\n<\/div><\/div><footer class=\"hp-listing__footer\"><div class=\"hp-block hp-listing__attributes hp-listing__attributes--primary\"><div class=\"hp-listing__attribute hp-listing__attribute--stay-type\" data-no-translation=\"\" data-no-auto-translation=\"\">Camper, Caravan<\/div><\/div><div class=\"hp-listing__actions hp-listing__actions--primary\"><a class=\"hp-listing__action hp-listing__action--favorite\" href=\"#user_login_modal\"><i class=\"hp-icon fas fa-heart\"><\/i><\/a><\/div><\/footer><\/article><\/div><div class=\"hp-grid__item hp-col-sm-4 hp-col-xs-12\"><article class=\"hp-listing hp-listing--view-block\"><header class=\"hp-listing__header\"><div class=\"hp-listing__image\" data-component=\"carousel-slider\" data-preview=\"false\" data-url=\"https:\/\/www.privcamp.com\/uk\/listing\/na-grapie\/\">\n\t\t\t<a href=\"https:\/\/www.privcamp.com\/uk\/listing\/na-grapie\/\">\n\t\t\t\t\t\t\t<img decoding=\"async\" src=\"https:\/\/www.privcamp.com\/wp-content\/uploads\/2025\/08\/30d8869b-704e-43dd-9197-2f328ab9f157-400x300.jpg\" alt=\"Na Grapie\" loading=\"lazy\">\n\t\t\t\t\t<\/a>\n\t<\/div>\n<\/header><div class=\"hp-listing__content\">\t<div class=\"hp-listing__categories hp-listing__category\">\n\t\t\t\t\t<a href=\"https:\/\/www.privcamp.com\/uk\/listing-category\/parking_spots\/\">\u041c\u0456\u0441\u0446\u044f \u0434\u043b\u044f \u043f\u0430\u0440\u043a\u0443\u0432\u0430\u043d\u043d\u044f<\/a>\n\t\t\t<\/div>\n\t<h4 class=\"hp-listing__title\"><a href=\"https:\/\/www.privcamp.com\/uk\/listing\/na-grapie\/\">Na Grapie<\/a>\n<\/h4><div class=\"hp-listing__details hp-listing__details--primary\">\t<div class=\"hp-listing__location\">\n\t\t<i class=\"hp-icon fas fa-map-marker-alt\"><\/i>\n\t\t\t\t\t<a href=\"https:\/\/www.google.com\/maps\/search\/?api=1&#038;query=49.682166,19.230666\" target=\"_blank\">\u0413\u0440\u0430\u043f\u0430, \u0416\u0438\u0432\u0435\u0446\u044c, \u041f\u043e\u043b\u044c\u0449\u0430<\/a>\n\t\t\t<\/div>\n\t<time class=\"hp-listing__created-date hp-listing__date hp-meta\" datetime=\"2025-08-18 11:48:38\">\n\t\u0414\u043e\u0434\u0430\u043d\u043e \u0421\u0435\u0440\u043f\u0435\u043d\u044c 18, 2025<\/time>\n<\/div><\/div><footer class=\"hp-listing__footer\"><div class=\"hp-block hp-listing__attributes hp-listing__attributes--primary\"><div class=\"hp-listing__attribute hp-listing__attribute--stay-type\" data-no-translation=\"\" data-no-auto-translation=\"\">Camper, Caravan, Tent<\/div><\/div><div class=\"hp-listing__actions hp-listing__actions--primary\"><a class=\"hp-listing__action hp-listing__action--favorite\" href=\"#user_login_modal\"><i class=\"hp-icon fas fa-heart\"><\/i><\/a><\/div><\/footer><\/article><\/div><div class=\"hp-grid__item hp-col-sm-4 hp-col-xs-12\"><article class=\"hp-listing hp-listing--view-block\"><header class=\"hp-listing__header\"><div class=\"hp-listing__image\" data-component=\"carousel-slider\" data-preview=\"false\" data-url=\"https:\/\/www.privcamp.com\/uk\/listing\/beskidzki-zakatek\/\">\n\t\t\t<a href=\"https:\/\/www.privcamp.com\/uk\/listing\/beskidzki-zakatek\/\">\n\t\t\t\t\t\t\t<img decoding=\"async\" src=\"https:\/\/www.privcamp.com\/wp-content\/uploads\/2025\/08\/Lucid_Realism_Horizontal_banner_169_in_the_style_of_a_Facebook_0-400x300.jpg\" alt=\"\u0411\u0435\u0441\u043a\u0438\u0434\u0441\u044c\u043a\u0438\u0439 \u0417\u0430\u043a\u043e\u043d\u0442\u0440\u0430\u043a\" loading=\"lazy\">\n\t\t\t\t\t<\/a>\n\t<\/div>\n<\/header><div class=\"hp-listing__content\">\t<div class=\"hp-listing__categories hp-listing__category\">\n\t\t\t\t\t<a href=\"https:\/\/www.privcamp.com\/uk\/listing-category\/parking_spots\/\">\u041c\u0456\u0441\u0446\u044f \u0434\u043b\u044f \u043f\u0430\u0440\u043a\u0443\u0432\u0430\u043d\u043d\u044f<\/a>\n\t\t\t<\/div>\n\t<h4 class=\"hp-listing__title\"><a href=\"https:\/\/www.privcamp.com\/uk\/listing\/beskidzki-zakatek\/\">\u0411\u0435\u0441\u043a\u0438\u0434\u0441\u044c\u043a\u0438\u0439 \u0417\u0430\u043a\u043e\u043d\u0442\u0440\u0430\u043a<\/a>\n<\/h4><div class=\"hp-listing__details hp-listing__details--primary\">\t<div class=\"hp-listing__location\">\n\t\t<i class=\"hp-icon fas fa-map-marker-alt\"><\/i>\n\t\t\t\t\t<a href=\"https:\/\/www.google.com\/maps\/search\/?api=1&#038;query=49.928475,19.284246\" target=\"_blank\">\u0417\u0435\u043b\u0435\u043d\u0430 87, \u041e\u0441\u0435\u043a, \u041f\u043e\u043b\u044c\u0449\u0430<\/a>\n\t\t\t<\/div>\n\t<time class=\"hp-listing__created-date hp-listing__date hp-meta\" datetime=\"2025-08-13 07:58:30\">\n\t\u0414\u043e\u0434\u0430\u043d\u043e \u0421\u0435\u0440\u043f\u0435\u043d\u044c 13, 2025<\/time>\n<\/div><\/div><footer class=\"hp-listing__footer\"><div class=\"hp-block hp-listing__attributes hp-listing__attributes--primary\"><div class=\"hp-listing__attribute hp-listing__attribute--stay-type\" data-no-translation=\"\" data-no-auto-translation=\"\">Camper, Caravan, Tent<\/div><\/div><div class=\"hp-listing__actions hp-listing__actions--primary\"><a class=\"hp-listing__action hp-listing__action--favorite\" href=\"#user_login_modal\"><i class=\"hp-icon fas fa-heart\"><\/i><\/a><\/div><\/footer><\/article><\/div><div class=\"hp-grid__item hp-col-sm-4 hp-col-xs-12\"><article class=\"hp-listing hp-listing--view-block\"><header class=\"hp-listing__header\"><div class=\"hp-listing__image\" data-component=\"carousel-slider\" data-preview=\"false\" data-url=\"https:\/\/www.privcamp.com\/uk\/listing\/lipowski-sad\/\">\n\t\t\t<a href=\"https:\/\/www.privcamp.com\/uk\/listing\/lipowski-sad\/\">\n\t\t\t\t\t\t\t<img decoding=\"async\" src=\"https:\/\/www.privcamp.com\/wp-content\/uploads\/2025\/08\/tempImageJUi2Qo-400x300.jpg\" alt=\"\u041b\u0438\u043f\u043e\u0432\u0441\u044c\u043a\u0438\u0439 \u0441\u0430\u0434\" loading=\"lazy\">\n\t\t\t\t\t<\/a>\n\t<\/div>\n<\/header><div class=\"hp-listing__content\">\t<div class=\"hp-listing__categories hp-listing__category\">\n\t\t\t\t\t<a href=\"https:\/\/www.privcamp.com\/uk\/listing-category\/parking_spots\/\">\u041c\u0456\u0441\u0446\u044f \u0434\u043b\u044f \u043f\u0430\u0440\u043a\u0443\u0432\u0430\u043d\u043d\u044f<\/a>\n\t\t\t<\/div>\n\t<h4 class=\"hp-listing__title\"><a href=\"https:\/\/www.privcamp.com\/uk\/listing\/lipowski-sad\/\">\u041b\u0438\u043f\u043e\u0432\u0441\u044c\u043a\u0438\u0439 \u0441\u0430\u0434<\/a>\n<\/h4><div class=\"hp-listing__details hp-listing__details--primary\">\t<div class=\"hp-listing__location\">\n\t\t<i class=\"hp-icon fas fa-map-marker-alt\"><\/i>\n\t\t\t\t\t<a href=\"https:\/\/www.google.com\/maps\/search\/?api=1&#038;query=49.684686,19.119161\" target=\"_blank\">\u041b\u0438\u043f\u043e\u0432\u0441\u044c\u043a\u0430 175, \u041b\u0438\u043f\u043e\u0432\u0430, \u041f\u043e\u043b\u044c\u0449\u0430<\/a>\n\t\t\t<\/div>\n\t<time class=\"hp-listing__created-date hp-listing__date hp-meta\" datetime=\"2025-08-18 11:32:09\">\n\t\u0414\u043e\u0434\u0430\u043d\u043e \u0421\u0435\u0440\u043f\u0435\u043d\u044c 18, 2025<\/time>\n<\/div><\/div><footer class=\"hp-listing__footer\"><div class=\"hp-block hp-listing__attributes hp-listing__attributes--primary\"><div class=\"hp-listing__attribute hp-listing__attribute--stay-type\" data-no-translation=\"\" data-no-auto-translation=\"\">Camper, Caravan, Tent<\/div><\/div><div class=\"hp-listing__actions hp-listing__actions--primary\"><a class=\"hp-listing__action hp-listing__action--favorite\" href=\"#user_login_modal\"><i class=\"hp-icon fas fa-heart\"><\/i><\/a><\/div><\/footer><\/article><\/div><div class=\"hp-grid__item hp-col-sm-4 hp-col-xs-12\"><article class=\"hp-listing hp-listing--view-block\"><header class=\"hp-listing__header\"><div class=\"hp-listing__image\" data-component=\"carousel-slider\" data-preview=\"false\" data-url=\"https:\/\/www.privcamp.com\/uk\/listing\/dolina-zimnika\/\">\n\t\t\t<a href=\"https:\/\/www.privcamp.com\/uk\/listing\/dolina-zimnika\/\">\n\t\t\t\t\t\t\t<img decoding=\"async\" src=\"https:\/\/www.privcamp.com\/wp-content\/uploads\/2025\/09\/tempImage9fJLq2-400x300.jpg\" alt=\"Dolina Zimnika\" loading=\"lazy\">\n\t\t\t\t\t<\/a>\n\t<\/div>\n<\/header><div class=\"hp-listing__content\">\t<div class=\"hp-listing__categories hp-listing__category\">\n\t\t\t\t\t<a href=\"https:\/\/www.privcamp.com\/uk\/listing-category\/parking_spots\/\">\u041c\u0456\u0441\u0446\u044f \u0434\u043b\u044f \u043f\u0430\u0440\u043a\u0443\u0432\u0430\u043d\u043d\u044f<\/a>\n\t\t\t<\/div>\n\t<h4 class=\"hp-listing__title\"><a href=\"https:\/\/www.privcamp.com\/uk\/listing\/dolina-zimnika\/\">Dolina Zimnika<\/a>\n<\/h4><div class=\"hp-listing__details hp-listing__details--primary\">\t<div class=\"hp-listing__location\">\n\t\t<i class=\"hp-icon fas fa-map-marker-alt\"><\/i>\n\t\t\t\t\t<a href=\"https:\/\/www.google.com\/maps\/search\/?api=1&#038;query=,\" target=\"_blank\">34-324 \u041b\u0438\u043f\u043e\u0432\u0430<\/a>\n\t\t\t<\/div>\n\t<time class=\"hp-listing__created-date hp-listing__date hp-meta\" datetime=\"2025-09-22 18:27:21\">\n\t\u0414\u043e\u0434\u0430\u043d\u043e \u0412\u0435\u0440\u0435\u0441\u0435\u043d\u044c 22, 2025<\/time>\n<\/div><\/div><footer class=\"hp-listing__footer\"><div class=\"hp-block hp-listing__attributes hp-listing__attributes--primary\"><div class=\"hp-listing__attribute hp-listing__attribute--stay-type\" data-no-translation=\"\" data-no-auto-translation=\"\">Camper, Caravan<\/div><\/div><div class=\"hp-listing__actions hp-listing__actions--primary\"><a class=\"hp-listing__action hp-listing__action--favorite\" href=\"#user_login_modal\"><i class=\"hp-icon fas fa-heart\"><\/i><\/a><\/div><\/footer><\/article><\/div><div class=\"hp-grid__item hp-col-sm-4 hp-col-xs-12\"><article class=\"hp-listing hp-listing--view-block\"><header class=\"hp-listing__header\"><div class=\"hp-listing__image\" data-component=\"carousel-slider\" data-preview=\"false\" data-url=\"https:\/\/www.privcamp.com\/uk\/listing\/darmowe-miejsce-parkingowe-przy-parku-i-rzece-sola\/\">\n\t\t\t<a href=\"https:\/\/www.privcamp.com\/uk\/listing\/darmowe-miejsce-parkingowe-przy-parku-i-rzece-sola\/\">\n\t\t\t\t\t\t\t<img decoding=\"async\" src=\"https:\/\/www.privcamp.com\/wp-content\/uploads\/2025\/09\/1000022475-400x300.jpg\" alt=\"Miejsce parkingowe przy parku i rzece So\u0142a w O\u015bwi\u0119cimiu\" loading=\"lazy\">\n\t\t\t\t\t<\/a>\n\t<\/div>\n<\/header><div class=\"hp-listing__content\">\t<div class=\"hp-listing__categories hp-listing__category\">\n\t\t\t\t\t<a href=\"https:\/\/www.privcamp.com\/uk\/listing-category\/parking_spots\/\">\u041c\u0456\u0441\u0446\u044f \u0434\u043b\u044f \u043f\u0430\u0440\u043a\u0443\u0432\u0430\u043d\u043d\u044f<\/a>\n\t\t\t<\/div>\n\t<h4 class=\"hp-listing__title\"><a href=\"https:\/\/www.privcamp.com\/uk\/listing\/darmowe-miejsce-parkingowe-przy-parku-i-rzece-sola\/\">Miejsce parkingowe przy parku i rzece So\u0142a w O\u015bwi\u0119cimiu<\/a>\n<\/h4><div class=\"hp-listing__details hp-listing__details--primary\">\t<div class=\"hp-listing__location\">\n\t\t<i class=\"hp-icon fas fa-map-marker-alt\"><\/i>\n\t\t\t\t\t<a href=\"https:\/\/www.google.com\/maps\/search\/?api=1&#038;query=50.023837,19.21203\" target=\"_blank\">\u041b\u0435\u043d\u0433\u043e\u0432\u0430, \u041e\u0441\u0432\u0435\u043d\u0446\u0438\u043c, \u041f\u043e\u043b\u044c\u0449\u0430<\/a>\n\t\t\t<\/div>\n\t<time class=\"hp-listing__created-date hp-listing__date hp-meta\" datetime=\"2025-09-22 18:00:50\">\n\t\u0414\u043e\u0434\u0430\u043d\u043e \u0412\u0435\u0440\u0435\u0441\u0435\u043d\u044c 22, 2025<\/time>\n<\/div><\/div><footer class=\"hp-listing__footer\"><div class=\"hp-block hp-listing__attributes hp-listing__attributes--primary\"><div class=\"hp-listing__attribute hp-listing__attribute--stay-type\" data-no-translation=\"\" data-no-auto-translation=\"\">Camper, Caravan<\/div><\/div><div class=\"hp-listing__actions hp-listing__actions--primary\"><a class=\"hp-listing__action hp-listing__action--favorite\" href=\"#user_login_modal\"><i class=\"hp-icon fas fa-heart\"><\/i><\/a><\/div><\/footer><\/article><\/div><\/div><\/div>\n\n\n<p><\/p>","protected":false},"excerpt":{"rendered":"","protected":false},"author":1,"featured_media":0,"parent":0,"menu_order":0,"comment_status":"closed","ping_status":"closed","template":"","meta":{"footnotes":""},"class_list":["post-172","page","type-page","status-publish","hentry"],"_links":{"self":[{"href":"https:\/\/www.privcamp.com\/uk\/wp-json\/wp\/v2\/pages\/172","targetHints":{"allow":["GET"]}}],"collection":[{"href":"https:\/\/www.privcamp.com\/uk\/wp-json\/wp\/v2\/pages"}],"about":[{"href":"https:\/\/www.privcamp.com\/uk\/wp-json\/wp\/v2\/types\/page"}],"author":[{"embeddable":true,"href":"https:\/\/www.privcamp.com\/uk\/wp-json\/wp\/v2\/users\/1"}],"replies":[{"embeddable":true,"href":"https:\/\/www.privcamp.com\/uk\/wp-json\/wp\/v2\/comments?post=172"}],"version-history":[{"count":0,"href":"https:\/\/www.privcamp.com\/uk\/wp-json\/wp\/v2\/pages\/172\/revisions"}],"wp:attachment":[{"href":"https:\/\/www.privcamp.com\/uk\/wp-json\/wp\/v2\/media?parent=172"}],"curies":[{"name":"wp","href":"https:\/\/api.w.org\/{rel}","templated":true}]}}